{"id":25054,"date":"2022-07-05T16:07:10","date_gmt":"2022-07-05T16:07:10","guid":{"rendered":"https:\/\/mmdv.es\/es\/?page_id=25054"},"modified":"2024-11-02T05:10:11","modified_gmt":"2024-11-02T05:10:11","slug":"contacto","status":"publish","type":"page","link":"https:\/\/mmdv.es\/es\/contacto\/","title":{"rendered":"Contacto"},"content":{"rendered":"\t\t<div data-elementor-type=\"wp-page\" data-elementor-id=\"25054\" class=\"elementor elementor-25054\">\n\t\t\t\t\t\t<section class=\"elementor-section elementor-top-section elementor-element elementor-element-6bd49c5 elementor-section-boxed elementor-section-height-default elementor-section-height-default\" data-id=\"6bd49c5\" data-element_type=\"section\" data-e-type=\"section\">\n\t\t\t\t\t\t<div class=\"elementor-container elementor-column-gap-default\">\n\t\t\t\t\t<div class=\"elementor-column elementor-col-50 elementor-top-column elementor-element elementor-element-44f93d3\" data-id=\"44f93d3\" data-element_type=\"column\" data-e-type=\"column\">\n\t\t\t<div class=\"elementor-widget-wrap elementor-element-populated\">\n\t\t\t\t\t\t<section class=\"elementor-section elementor-inner-section elementor-element elementor-element-5ed003a elementor-section-boxed elementor-section-height-default elementor-section-height-default\" data-id=\"5ed003a\" data-element_type=\"section\" data-e-type=\"section\">\n\t\t\t\t\t\t<div class=\"elementor-container elementor-column-gap-default\">\n\t\t\t\t\t<div class=\"elementor-column elementor-col-50 elementor-inner-column elementor-element elementor-element-b24cfe8\" data-id=\"b24cfe8\" data-element_type=\"column\" data-e-type=\"column\">\n\t\t\t<div class=\"elementor-widget-wrap elementor-element-populated\">\n\t\t\t\t\t\t<div class=\"elementor-element elementor-element-3302042 elementor-widget elementor-widget-wp-widget-text\" data-id=\"3302042\" data-element_type=\"widget\" data-e-type=\"widget\" data-widget_type=\"wp-widget-text.default\">\n\t\t\t\t<div class=\"elementor-widget-container\">\n\t\t\t\t\t\t\t\t<div class=\"textwidget\"><div class=\"elementor-element elementor-element-f2f73ed elementor-widget elementor-widget-wp-widget-text\" data-id=\"f2f73ed\" data-element_type=\"widget\" data-widget_type=\"wp-widget-text.default\">\n<div class=\"elementor-widget-container\">\n<div class=\"textwidget\">\n<div class=\"elementor-element elementor-element-b00a11e elementor-widget elementor-widget-heading\" data-id=\"b00a11e\" data-element_type=\"widget\" data-widget_type=\"heading.default\">\n<div class=\"elementor-widget-container\">\n<h2><\/h2>\n<h2 class=\"elementor-heading-title elementor-size-default\"><span class=\"goog-text-highlight\">Servicio al Cliente<\/span><\/h2>\n<\/div>\n<\/div>\n<\/div>\n<\/div>\n<\/div>\n<div class=\"elementor-element elementor-element-623ee6c elementor-widget elementor-widget-wp-widget-text\" data-id=\"623ee6c\" data-element_type=\"widget\" data-widget_type=\"wp-widget-text.default\">\n<div class=\"elementor-widget-container\">\n<div class=\"textwidget\">\n<div class=\"elementor-element elementor-element-1268ad0 elementor-widget elementor-widget-text-editor\" data-id=\"1268ad0\" data-element_type=\"widget\" data-widget_type=\"text-editor.default\">\n<div class=\"elementor-widget-container\"><span style=\"font-family: Arial\"><span style=\"color: #000000;font-family: Arial\">Estimado cliente, desde este formulario nos podr\u00e1 hacer llegar sus preguntas, ideas, sugerencias\u2026 as\u00ed como problemas en el servicio, etc\u2026<\/span><\/span><\/div>\n<\/div>\n<div class=\"elementor-element elementor-element-d6c0d09 elementor-view-framed elementor-position-left elementor-vertical-align-middle policy-contact elementor-shape-square elementor-mobile-position-top elementor-widget elementor-widget-icon-box\" data-id=\"d6c0d09\" data-element_type=\"widget\" data-widget_type=\"icon-box.default\">\n<div class=\"elementor-widget-container\">\n<div class=\"elementor-icon-box-wrapper\">\n<div class=\"elementor-icon-box-icon\"><\/div>\n<div class=\"elementor-icon-box-content\">\n<div class=\"elementor-icon-box-title\">Direccion<\/div>\n<p class=\"elementor-icon-box-description\"><span class=\"goog-text-highlight\">\u00a0C\/ Ebro 19, <\/span><span class=\"goog-text-highlight\">Guadalix de la Sierra, 28794, Madrid<\/span><\/p>\n<\/div>\n<\/div>\n<\/div>\n<\/div>\n<div class=\"elementor-element elementor-element-5ac4bbe elementor-view-framed elementor-position-left elementor-vertical-align-middle policy-contact elementor-shape-square elementor-mobile-position-top elementor-widget elementor-widget-icon-box\" data-id=\"5ac4bbe\" data-element_type=\"widget\" data-widget_type=\"icon-box.default\">\n<div class=\"elementor-widget-container\">\n<div class=\"elementor-icon-box-wrapper\">\n<div class=\"elementor-icon-box-icon\"><\/div>\n<div class=\"elementor-icon-box-content\">\n<div class=\"elementor-icon-box-title\">telefono<\/div>\n<p class=\"elementor-icon-box-description\">+34 647 92 35 06<\/p>\n<\/div>\n<\/div>\n<\/div>\n<\/div>\n<div class=\"elementor-element elementor-element-556629b elementor-view-framed elementor-position-left elementor-vertical-align-middle policy-contact elementor-shape-square elementor-mobile-position-top elementor-widget elementor-widget-icon-box\" data-id=\"556629b\" data-element_type=\"widget\" data-widget_type=\"icon-box.default\">\n<div class=\"elementor-widget-container\">\n<div class=\"elementor-icon-box-wrapper\">\n<div class=\"elementor-icon-box-icon\"><\/div>\n<div class=\"elementor-icon-box-content\">\n<div class=\"elementor-icon-box-title\">Correo electr\u00f3nico<\/div>\n<p class=\"elementor-icon-box-description\">sac@mmdv.es<\/p>\n<p>&nbsp;<\/p>\n<p>SIGUENOS<\/p>\n<\/div>\n<\/div>\n<\/div>\n<div class=\"elementor-icon-box-icon\"><section class=\"zoom-social-icons-shortcode\">\n\t\t\n<ul class=\"zoom-social-icons-list zoom-social-icons-list--with-canvas zoom-social-icons-list--round zoom-social-icons-list--no-labels\">\n\n\t\t\n\t\t\t\t<li class=\"zoom-social_icons-list__item\">\n\t\t<a class=\"zoom-social_icons-list__link\" href=\"https:\/\/facebook.com\/mimundodelvino\" target=\"_blank\" title=\"Facebook\" >\n\t\t\t\t\t\t\t\t\t\n\t\t\t\t\t\t<span class=\"screen-reader-text\">facebook<\/span>\n\t\t\t\n\t\t\t\t\t\t<span class=\"zoom-social_icons-list-span social-icon socicon socicon-facebook\" data-hover-rule=\"background-color\" data-hover-color=\"#0866FF\" style=\"background-color : #878787; font-size: 16px; padding:12px\" ><\/span>\n\t\t\t\n\t\t\t\t\t<\/a>\n\t<\/li>\n\n\t\n\t\t\t\t<li class=\"zoom-social_icons-list__item\">\n\t\t<a class=\"zoom-social_icons-list__link\" href=\"https:\/\/x.com\/mimundodelvino\" target=\"_blank\" title=\"X\" >\n\t\t\t\t\t\t\t\t\t\n\t\t\t\t\t\t<span class=\"screen-reader-text\">x<\/span>\n\t\t\t\n\t\t\t\t\t\t<span class=\"zoom-social_icons-list-span social-icon socicon socicon-x\" data-hover-rule=\"background-color\" data-hover-color=\"#000\" style=\"background-color : #878787; font-size: 16px; padding:12px\" ><\/span>\n\t\t\t\n\t\t\t\t\t<\/a>\n\t<\/li>\n\n\t\n\t\t\t\t<li class=\"zoom-social_icons-list__item\">\n\t\t<a class=\"zoom-social_icons-list__link\" href=\"https:\/\/instagram.com\/mimundodelvino\" target=\"_blank\" title=\"Instagram\" >\n\t\t\t\t\t\t\t\t\t\n\t\t\t\t\t\t<span class=\"screen-reader-text\">instagram<\/span>\n\t\t\t\n\t\t\t\t\t\t<span class=\"zoom-social_icons-list-span social-icon socicon socicon-instagram\" data-hover-rule=\"background-color\" data-hover-color=\"#e4405f\" style=\"background-color : #878787; font-size: 16px; padding:12px\" ><\/span>\n\t\t\t\n\t\t\t\t\t<\/a>\n\t<\/li>\n\n\t\n\t\t\t\t<li class=\"zoom-social_icons-list__item\">\n\t\t<a class=\"zoom-social_icons-list__link\" href=\"http:\/\/pinterest.com\/mimundodelvino\" target=\"_blank\" title=\"pinteres.com\" >\n\t\t\t\t\t\t\t\t\t\n\t\t\t\t\t\t<span class=\"screen-reader-text\">pinterest<\/span>\n\t\t\t\n\t\t\t\t\t\t<span class=\"zoom-social_icons-list-span social-icon socicon socicon-pinterest\" data-hover-rule=\"background-color\" data-hover-color=\"#c92619\" style=\"background-color : #878787; font-size: 16px; padding:12px\" ><\/span>\n\t\t\t\n\t\t\t\t\t<\/a>\n\t<\/li>\n\n\t\n\t\t\t\t<li class=\"zoom-social_icons-list__item\">\n\t\t<a class=\"zoom-social_icons-list__link\" href=\"http:\/\/youtube.com\/@mimundodelvino\" target=\"_blank\" title=\"youtube.com\" >\n\t\t\t\t\t\t\t\t\t\n\t\t\t\t\t\t<span class=\"screen-reader-text\">youtube<\/span>\n\t\t\t\n\t\t\t\t\t\t<span class=\"zoom-social_icons-list-span social-icon socicon socicon-youtube\" data-hover-rule=\"background-color\" data-hover-color=\"#e02a20\" style=\"background-color : #878787; font-size: 16px; padding:12px\" ><\/span>\n\t\t\t\n\t\t\t\t\t<\/a>\n\t<\/li>\n\n\t\n\t\t\t\t<li class=\"zoom-social_icons-list__item\">\n\t\t<a class=\"zoom-social_icons-list__link\" href=\"http:\/\/linkedin.com\/mimundodelvino\" target=\"_blank\" title=\"linkedin.\" >\n\t\t\t\t\t\t\t\t\t\n\t\t\t\t\t\t<span class=\"screen-reader-text\">linkedin<\/span>\n\t\t\t\n\t\t\t\t\t\t<span class=\"zoom-social_icons-list-span social-icon socicon socicon-linkedin\" data-hover-rule=\"background-color\" data-hover-color=\"#0077B5\" style=\"background-color : #878787; font-size: 16px; padding:12px\" ><\/span>\n\t\t\t\n\t\t\t\t\t<\/a>\n\t<\/li>\n\n\t\n\t\t\t\t<li class=\"zoom-social_icons-list__item\">\n\t\t<a class=\"zoom-social_icons-list__link\" href=\"mailto:luisromero@mimundodelvino.com\" target=\"_blank\" title=\"mail\" >\n\t\t\t\t\t\t\t\t\t\n\t\t\t\t\t\t<span class=\"screen-reader-text\">mail<\/span>\n\t\t\t\n\t\t\t\t\t\t<span class=\"zoom-social_icons-list-span social-icon socicon socicon-mail\" data-hover-rule=\"background-color\" data-hover-color=\"#000000\" style=\"background-color : #878787; font-size: 16px; padding:12px\" ><\/span>\n\t\t\t\n\t\t\t\t\t<\/a>\n\t<\/li>\n\n\t\n<\/ul>\n\n\t\t<\/section><\/div>\n<\/div>\n<div><\/div>\n<\/div>\n<\/div>\n<div><\/div>\n<div><img decoding=\"async\" class=\"attachment-full alignnone wp-image-25495\" src=\"https:\/\/i0.wp.com\/mmdv.es\/es\/wp-content\/uploads\/2022\/07\/logo_es.png?fit=1982%2C485&amp;ssl=1\" alt=\"\" width=\"266\" height=\"65\" \/><\/div>\n<\/div>\n<p>&nbsp;<\/p>\n<\/div>\n\t\t\t\t\t\t<\/div>\n\t\t\t\t<\/div>\n\t\t\t\t\t<\/div>\n\t\t<\/div>\n\t\t\t\t<div class=\"elementor-column elementor-col-50 elementor-inner-column elementor-element elementor-element-069f59d\" data-id=\"069f59d\" data-element_type=\"column\" data-e-type=\"column\">\n\t\t\t<div class=\"elementor-widget-wrap\">\n\t\t\t\t\t\t\t<\/div>\n\t\t<\/div>\n\t\t\t\t\t<\/div>\n\t\t<\/section>\n\t\t\t\t\t<\/div>\n\t\t<\/div>\n\t\t\t\t<div class=\"elementor-column elementor-col-50 elementor-top-column elementor-element elementor-element-e63b919\" data-id=\"e63b919\" data-element_type=\"column\" data-e-type=\"column\">\n\t\t\t<div class=\"elementor-widget-wrap elementor-element-populated\">\n\t\t\t\t\t\t<div class=\"elementor-element elementor-element-02d2556 elementor-widget__width-inherit elementor-widget elementor-widget-wp-widget-text\" data-id=\"02d2556\" data-element_type=\"widget\" data-e-type=\"widget\" data-widget_type=\"wp-widget-text.default\">\n\t\t\t\t<div class=\"elementor-widget-container\">\n\t\t\t\t\t\t\t\t<div class=\"textwidget\"><p>[contact-form-7 id=&#8221;7702ebe&#8221; title=&#8221;Formulario de contacto 1&#8243;]<\/p>\n<\/div>\n\t\t\t\t\t\t<\/div>\n\t\t\t\t<\/div>\n\t\t\t\t\t<\/div>\n\t\t<\/div>\n\t\t\t\t\t<\/div>\n\t\t<\/section>\n\t\t\t\t<section class=\"elementor-section elementor-top-section elementor-element elementor-element-6bee770 elementor-section-boxed elementor-section-height-default elementor-section-height-default\" data-id=\"6bee770\" data-element_type=\"section\" data-e-type=\"section\">\n\t\t\t\t\t\t<div class=\"elementor-container elementor-column-gap-default\">\n\t\t\t\t\t<div class=\"elementor-column elementor-col-100 elementor-top-column elementor-element elementor-element-573f58e\" data-id=\"573f58e\" data-element_type=\"column\" data-e-type=\"column\">\n\t\t\t<div class=\"elementor-widget-wrap elementor-element-populated\">\n\t\t\t\t\t\t<div class=\"elementor-element elementor-element-059cdfb elementor-widget elementor-widget-wp-widget-text\" data-id=\"059cdfb\" data-element_type=\"widget\" data-e-type=\"widget\" data-widget_type=\"wp-widget-text.default\">\n\t\t\t\t<div class=\"elementor-widget-container\">\n\t\t\t\t\t\t\t\t<div class=\"textwidget\"><p><em>De conformidad con lo dispuesto en la normativa de Protecci\u00f3n de Datos de car\u00e1cter Personal, le informamos que los datos que facilite ser\u00e1n tratados por mmdv.es., en calidad de responsable del tratamiento, con la finalidad de gestionar y dar contestaci\u00f3n a las sugerencias que nos plantea. La base legal para el tratamiento de sus datos en relaci\u00f3n con la contestaci\u00f3n de sus sugerencias se fundamenta en el inter\u00e9s leg\u00edtimo por parte de mmdv.es en dar respuesta a las comunicaciones recibidas.<\/em><\/p>\n<p><em>mmdv.es garantiza al titular el ejercicio de los derechos de acceso, rectificaci\u00f3n, supresi\u00f3n, oposici\u00f3n, limitaci\u00f3n y portabilidad dirigi\u00e9ndose por escrito y acompa\u00f1ando fotocopia del DNI al Comit\u00e9 de Protecci\u00f3n de Datos de mmdv.es ,<\/em><em> C\/ Ebro 19, Guadalix de la Sierra<\/em><em>, <\/em><em>28794<\/em><em>, Madrid, o bien a trav\u00e9s de v\u00eda electr\u00f3nica en los formularios dispuestos en https:\/\/mmdv.es\/es\/privacidad <\/em><\/p>\n<p><em>Para mayor informaci\u00f3n sobre el tratamiento de sus datos de car\u00e1cter personal, puede dirigirse a la Pol\u00edtica de privacidad de mmdv.es, alojada en la p\u00e1gina web https:\/\/mmdv.es\/es\/privacidad <\/em><\/p>\n<\/div>\n\t\t\t\t\t\t<\/div>\n\t\t\t\t<\/div>\n\t\t\t\t\t<\/div>\n\t\t<\/div>\n\t\t\t\t\t<\/div>\n\t\t<\/section>\n\t\t\t\t<\/div>\n\t\t","protected":false},"excerpt":{"rendered":"","protected":false},"author":1,"featured_media":0,"parent":0,"menu_order":0,"comment_status":"closed","ping_status":"closed","template":"","meta":{"footnotes":""},"class_list":["post-25054","page","type-page","status-publish","hentry"],"_links":{"self":[{"href":"https:\/\/mmdv.es\/es\/wp-json\/wp\/v2\/pages\/25054","targetHints":{"allow":["GET"]}}],"collection":[{"href":"https:\/\/mmdv.es\/es\/wp-json\/wp\/v2\/pages"}],"about":[{"href":"https:\/\/mmdv.es\/es\/wp-json\/wp\/v2\/types\/page"}],"author":[{"embeddable":true,"href":"https:\/\/mmdv.es\/es\/wp-json\/wp\/v2\/users\/1"}],"replies":[{"embeddable":true,"href":"https:\/\/mmdv.es\/es\/wp-json\/wp\/v2\/comments?post=25054"}],"version-history":[{"count":277,"href":"https:\/\/mmdv.es\/es\/wp-json\/wp\/v2\/pages\/25054\/revisions"}],"predecessor-version":[{"id":26703,"href":"https:\/\/mmdv.es\/es\/wp-json\/wp\/v2\/pages\/25054\/revisions\/26703"}],"wp:attachment":[{"href":"https:\/\/mmdv.es\/es\/wp-json\/wp\/v2\/media?parent=25054"}],"curies":[{"name":"wp","href":"https:\/\/api.w.org\/{rel}","templated":true}]}}