{"id":25726,"date":"2022-07-12T18:23:02","date_gmt":"2022-07-12T18:23:02","guid":{"rendered":"https:\/\/mmdv.es\/es\/?page_id=25726"},"modified":"2024-11-02T05:15:47","modified_gmt":"2024-11-02T05:15:47","slug":"vinos-catas-asesoramiento","status":"publish","type":"page","link":"https:\/\/mmdv.es\/es\/vinos-catas-asesoramiento\/","title":{"rendered":"Vinos Catas, Asesoramiento"},"content":{"rendered":"\t\t<div data-elementor-type=\"wp-page\" data-elementor-id=\"25726\" class=\"elementor elementor-25726\">\n\t\t\t\t\t\t<section class=\"elementor-section elementor-top-section elementor-element elementor-element-2252a30 elementor-section-boxed elementor-section-height-default elementor-section-height-default\" data-id=\"2252a30\" data-element_type=\"section\" data-e-type=\"section\">\n\t\t\t\t\t\t<div class=\"elementor-container elementor-column-gap-default\">\n\t\t\t\t\t<div class=\"elementor-column elementor-col-33 elementor-top-column elementor-element elementor-element-8e41c30\" data-id=\"8e41c30\" data-element_type=\"column\" data-e-type=\"column\">\n\t\t\t<div class=\"elementor-widget-wrap elementor-element-populated\">\n\t\t\t\t\t\t<div class=\"elementor-element elementor-element-6d775d7 elementor-widget elementor-widget-image\" data-id=\"6d775d7\" data-element_type=\"widget\" data-e-type=\"widget\" data-widget_type=\"image.default\">\n\t\t\t\t<div class=\"elementor-widget-container\">\n\t\t\t\t\t\t\t\t\t\t\t\t\t\t\t<img fetchpriority=\"high\" decoding=\"async\" width=\"300\" height=\"284\" src=\"https:\/\/mmdv.es\/es\/wp-content\/uploads\/2022\/06\/001422-300x284.png\" class=\"attachment-medium size-medium wp-image-24587\" alt=\"\" \/>\t\t\t\t\t\t\t\t\t\t\t\t\t\t\t<\/div>\n\t\t\t\t<\/div>\n\t\t\t\t<div class=\"elementor-element elementor-element-d10986a elementor-widget elementor-widget-wp-widget-text\" data-id=\"d10986a\" data-element_type=\"widget\" data-e-type=\"widget\" data-widget_type=\"wp-widget-text.default\">\n\t\t\t\t<div class=\"elementor-widget-container\">\n\t\t\t\t\t\t\t\t<div class=\"textwidget\"><p>En esta secci\u00f3n ofrecemos la posibilidad de organizar vinos y catas de todo tipo, para particulares empresas.<\/p>\n<p>Tambi\u00e9n ofrecemos asesoramiento sobre vinos, cursos de catas espec\u00edficos.<\/p>\n<p>Cu\u00e9ntanos lo que necesitas y nos adaptamos a tus necesidades<\/p>\n<\/div>\n\t\t\t\t\t\t<\/div>\n\t\t\t\t<\/div>\n\t\t\t\t<div class=\"elementor-element elementor-element-b51528c elementor-widget elementor-widget-image\" data-id=\"b51528c\" data-element_type=\"widget\" data-e-type=\"widget\" data-widget_type=\"image.default\">\n\t\t\t\t<div class=\"elementor-widget-container\">\n\t\t\t\t\t\t\t\t\t\t\t\t\t\t\t<img decoding=\"async\" width=\"300\" height=\"283\" src=\"https:\/\/mmdv.es\/es\/wp-content\/uploads\/2022\/07\/tab-img-1-300x283.webp\" class=\"attachment-medium size-medium wp-image-25785\" alt=\"\" \/>\t\t\t\t\t\t\t\t\t\t\t\t\t\t\t<\/div>\n\t\t\t\t<\/div>\n\t\t\t\t\t<\/div>\n\t\t<\/div>\n\t\t\t\t<div class=\"elementor-column elementor-col-33 elementor-top-column elementor-element elementor-element-94cd84d\" data-id=\"94cd84d\" data-element_type=\"column\" data-e-type=\"column\">\n\t\t\t<div class=\"elementor-widget-wrap\">\n\t\t\t\t\t\t\t<\/div>\n\t\t<\/div>\n\t\t\t\t<div class=\"elementor-column elementor-col-33 elementor-top-column elementor-element elementor-element-01dda75\" data-id=\"01dda75\" data-element_type=\"column\" data-e-type=\"column\">\n\t\t\t<div class=\"elementor-widget-wrap elementor-element-populated\">\n\t\t\t\t\t\t<div class=\"elementor-element elementor-element-e542b7e elementor-widget elementor-widget-wp-widget-text\" data-id=\"e542b7e\" data-element_type=\"widget\" data-e-type=\"widget\" data-widget_type=\"wp-widget-text.default\">\n\t\t\t\t<div class=\"elementor-widget-container\">\n\t\t\t\t\t\t\t\t<div class=\"textwidget\"><p>[contact-form-7 id=&#8221;25733&#8243; title=&#8221;Asesoramiento&#8221;]<\/p>\n<\/div>\n\t\t\t\t\t\t<\/div>\n\t\t\t\t<\/div>\n\t\t\t\t\t<\/div>\n\t\t<\/div>\n\t\t\t\t\t<\/div>\n\t\t<\/section>\n\t\t\t\t<section class=\"elementor-section elementor-top-section elementor-element elementor-element-aa313aa elementor-section-boxed elementor-section-height-default elementor-section-height-default\" data-id=\"aa313aa\" data-element_type=\"section\" data-e-type=\"section\">\n\t\t\t\t\t\t<div class=\"elementor-container elementor-column-gap-default\">\n\t\t\t\t\t<div class=\"elementor-column elementor-col-100 elementor-top-column elementor-element elementor-element-76b43af\" data-id=\"76b43af\" data-element_type=\"column\" data-e-type=\"column\">\n\t\t\t<div class=\"elementor-widget-wrap\">\n\t\t\t\t\t\t\t<\/div>\n\t\t<\/div>\n\t\t\t\t\t<\/div>\n\t\t<\/section>\n\t\t\t\t<section class=\"elementor-section elementor-top-section elementor-element elementor-element-5a1247f elementor-section-boxed elementor-section-height-default elementor-section-height-default\" data-id=\"5a1247f\" data-element_type=\"section\" data-e-type=\"section\">\n\t\t\t\t\t\t<div class=\"elementor-container elementor-column-gap-default\">\n\t\t\t\t\t<div class=\"elementor-column elementor-col-100 elementor-top-column elementor-element elementor-element-280a51e\" data-id=\"280a51e\" data-element_type=\"column\" data-e-type=\"column\">\n\t\t\t<div class=\"elementor-widget-wrap elementor-element-populated\">\n\t\t\t\t\t\t<div class=\"elementor-element elementor-element-4b18857 elementor-widget elementor-widget-wp-widget-text\" data-id=\"4b18857\" data-element_type=\"widget\" data-e-type=\"widget\" data-widget_type=\"wp-widget-text.default\">\n\t\t\t\t<div class=\"elementor-widget-container\">\n\t\t\t\t\t\t\t\t<div class=\"textwidget\"><p><em><span class=\"goog-text-highlight\">De conformidad con lo dispuesto en la normativa de Protecci\u00f3n de Datos de car\u00e1cter Personal, le informamos que los datos que facilitar\u00e1n ser\u00e1n tratados por mmdv.es., en calidad de responsable del tratamiento, con la finalidad de gestionar y dar contestaci\u00f3n a las sugerencias que nos plantea.\u00a0<\/span>La base legal para el tratamiento de sus datos en relaci\u00f3n con la contestaci\u00f3n de sus sugerencias se fundamenta en el inter\u00e9s leg\u00edtimo por parte de mmdv.es en dar respuesta a las comunicaciones recibidas.<\/em><\/p>\n<p><em>mmdv.es garantiza al titular el ejercicio de los derechos de acceso, rectificaci\u00f3n, supresi\u00f3n, oposici\u00f3n, limitaci\u00f3n y portabilidad dirigi\u00e9ndose por escrito y acompa\u00f1ando fotocopia del DNI al Comit\u00e9 de Protecci\u00f3n de Datos de mmdv.es ,\u00a0\u00a0<\/em><em>C\/ Ebro 19, Guadalix de la Sierra\u00a0\u00a0<\/em><em>,\u00a0\u00a0<\/em><em>28794\u00a0\u00a0<\/em><em>, Madrid, o bien a trav\u00e9s de v\u00eda electr\u00f3nica en los formularios disponibles en https:\/\/mmdv.es\/es\/privacidad<\/em><\/p>\n<p><em><span class=\"\">Para mayor informaci\u00f3n sobre el tratamiento de sus datos de car\u00e1cter personal, puede visitar la Pol\u00edtica de privacidad de mmdv.es, alojada en la p\u00e1gina web https:\/\/mmdv.es\/es\/privacidad<\/span><\/em><\/p>\n<\/div>\n\t\t\t\t\t\t<\/div>\n\t\t\t\t<\/div>\n\t\t\t\t\t<\/div>\n\t\t<\/div>\n\t\t\t\t\t<\/div>\n\t\t<\/section>\n\t\t\t\t<section class=\"elementor-section elementor-top-section elementor-element elementor-element-0b98e4f elementor-section-boxed elementor-section-height-default elementor-section-height-default\" data-id=\"0b98e4f\" data-element_type=\"section\" data-e-type=\"section\">\n\t\t\t\t\t\t<div class=\"elementor-container elementor-column-gap-default\">\n\t\t\t\t\t<div class=\"elementor-column elementor-col-25 elementor-top-column elementor-element elementor-element-0bf2f80\" data-id=\"0bf2f80\" data-element_type=\"column\" data-e-type=\"column\">\n\t\t\t<div class=\"elementor-widget-wrap elementor-element-populated\">\n\t\t\t\t\t\t<div class=\"elementor-element elementor-element-7e05ccf elementor-widget elementor-widget-wp-widget-text\" data-id=\"7e05ccf\" data-element_type=\"widget\" data-e-type=\"widget\" data-widget_type=\"wp-widget-text.default\">\n\t\t\t\t<div class=\"elementor-widget-container\">\n\t\t\t\t\t\t\t\t<div class=\"textwidget\"><div class=\"elementor-icon-box-title\">S\u00cdGUENOS<\/div>\n<section class=\"zoom-social-icons-shortcode\">\n\t\t\n<ul class=\"zoom-social-icons-list zoom-social-icons-list--with-canvas zoom-social-icons-list--round zoom-social-icons-list--no-labels\">\n\n\t\t\n\t\t\t\t<li class=\"zoom-social_icons-list__item\">\n\t\t<a class=\"zoom-social_icons-list__link\" href=\"https:\/\/facebook.com\/mimundodelvino\" target=\"_blank\" title=\"Facebook\" >\n\t\t\t\t\t\t\t\t\t\n\t\t\t\t\t\t<span class=\"screen-reader-text\">facebook<\/span>\n\t\t\t\n\t\t\t\t\t\t<span class=\"zoom-social_icons-list-span social-icon socicon socicon-facebook\" data-hover-rule=\"background-color\" data-hover-color=\"#0866FF\" style=\"background-color : #878787; font-size: 16px; padding:12px\" ><\/span>\n\t\t\t\n\t\t\t\t\t<\/a>\n\t<\/li>\n\n\t\n\t\t\t\t<li class=\"zoom-social_icons-list__item\">\n\t\t<a class=\"zoom-social_icons-list__link\" href=\"https:\/\/x.com\/mimundodelvino\" target=\"_blank\" title=\"X\" >\n\t\t\t\t\t\t\t\t\t\n\t\t\t\t\t\t<span class=\"screen-reader-text\">x<\/span>\n\t\t\t\n\t\t\t\t\t\t<span class=\"zoom-social_icons-list-span social-icon socicon socicon-x\" data-hover-rule=\"background-color\" data-hover-color=\"#000\" style=\"background-color : #878787; font-size: 16px; padding:12px\" ><\/span>\n\t\t\t\n\t\t\t\t\t<\/a>\n\t<\/li>\n\n\t\n\t\t\t\t<li class=\"zoom-social_icons-list__item\">\n\t\t<a class=\"zoom-social_icons-list__link\" href=\"https:\/\/instagram.com\/mimundodelvino\" target=\"_blank\" title=\"Instagram\" >\n\t\t\t\t\t\t\t\t\t\n\t\t\t\t\t\t<span class=\"screen-reader-text\">instagram<\/span>\n\t\t\t\n\t\t\t\t\t\t<span class=\"zoom-social_icons-list-span social-icon socicon socicon-instagram\" data-hover-rule=\"background-color\" data-hover-color=\"#e4405f\" style=\"background-color : #878787; font-size: 16px; padding:12px\" ><\/span>\n\t\t\t\n\t\t\t\t\t<\/a>\n\t<\/li>\n\n\t\n\t\t\t\t<li class=\"zoom-social_icons-list__item\">\n\t\t<a class=\"zoom-social_icons-list__link\" href=\"http:\/\/pinterest.com\/mimundodelvino\" target=\"_blank\" title=\"pinteres.com\" >\n\t\t\t\t\t\t\t\t\t\n\t\t\t\t\t\t<span class=\"screen-reader-text\">pinterest<\/span>\n\t\t\t\n\t\t\t\t\t\t<span class=\"zoom-social_icons-list-span social-icon socicon socicon-pinterest\" data-hover-rule=\"background-color\" data-hover-color=\"#c92619\" style=\"background-color : #878787; font-size: 16px; padding:12px\" ><\/span>\n\t\t\t\n\t\t\t\t\t<\/a>\n\t<\/li>\n\n\t\n\t\t\t\t<li class=\"zoom-social_icons-list__item\">\n\t\t<a class=\"zoom-social_icons-list__link\" href=\"http:\/\/youtube.com\/@mimundodelvino\" target=\"_blank\" title=\"youtube.com\" >\n\t\t\t\t\t\t\t\t\t\n\t\t\t\t\t\t<span class=\"screen-reader-text\">youtube<\/span>\n\t\t\t\n\t\t\t\t\t\t<span class=\"zoom-social_icons-list-span social-icon socicon socicon-youtube\" data-hover-rule=\"background-color\" data-hover-color=\"#e02a20\" style=\"background-color : #878787; font-size: 16px; padding:12px\" ><\/span>\n\t\t\t\n\t\t\t\t\t<\/a>\n\t<\/li>\n\n\t\n\t\t\t\t<li class=\"zoom-social_icons-list__item\">\n\t\t<a class=\"zoom-social_icons-list__link\" href=\"http:\/\/linkedin.com\/mimundodelvino\" target=\"_blank\" title=\"linkedin.\" >\n\t\t\t\t\t\t\t\t\t\n\t\t\t\t\t\t<span class=\"screen-reader-text\">linkedin<\/span>\n\t\t\t\n\t\t\t\t\t\t<span class=\"zoom-social_icons-list-span social-icon socicon socicon-linkedin\" data-hover-rule=\"background-color\" data-hover-color=\"#0077B5\" style=\"background-color : #878787; font-size: 16px; padding:12px\" ><\/span>\n\t\t\t\n\t\t\t\t\t<\/a>\n\t<\/li>\n\n\t\n\t\t\t\t<li class=\"zoom-social_icons-list__item\">\n\t\t<a class=\"zoom-social_icons-list__link\" href=\"mailto:luisromero@mimundodelvino.com\" target=\"_blank\" title=\"mail\" >\n\t\t\t\t\t\t\t\t\t\n\t\t\t\t\t\t<span class=\"screen-reader-text\">mail<\/span>\n\t\t\t\n\t\t\t\t\t\t<span class=\"zoom-social_icons-list-span social-icon socicon socicon-mail\" data-hover-rule=\"background-color\" data-hover-color=\"#000000\" style=\"background-color : #878787; font-size: 16px; padding:12px\" ><\/span>\n\t\t\t\n\t\t\t\t\t<\/a>\n\t<\/li>\n\n\t\n<\/ul>\n\n\t\t<\/section>\n<\/div>\n\t\t\t\t\t\t<\/div>\n\t\t\t\t<\/div>\n\t\t\t\t\t<\/div>\n\t\t<\/div>\n\t\t\t\t<div class=\"elementor-column elementor-col-25 elementor-top-column elementor-element elementor-element-e9d97b3\" data-id=\"e9d97b3\" data-element_type=\"column\" data-e-type=\"column\">\n\t\t\t<div class=\"elementor-widget-wrap elementor-element-populated\">\n\t\t\t\t\t\t<div class=\"elementor-element elementor-element-b6f6324 elementor-widget elementor-widget-wp-widget-text\" data-id=\"b6f6324\" data-element_type=\"widget\" data-e-type=\"widget\" data-widget_type=\"wp-widget-text.default\">\n\t\t\t\t<div class=\"elementor-widget-container\">\n\t\t\t\t\t\t\t\t<div class=\"textwidget\"><div class=\"elementor-element elementor-element-d6c0d09 elementor-view-framed elementor-position-left elementor-vertical-align-middle policy-contact elementor-shape-square elementor-mobile-position-top elementor-widget elementor-widget-icon-box\" data-id=\"d6c0d09\" data-element_type=\"widget\" data-widget_type=\"icon-box.default\">\n<div class=\"elementor-widget-container\">\n<div class=\"elementor-icon-box-wrapper\">\n<div class=\"elementor-icon-box-content\">\n<div class=\"elementor-icon-box-title\"><span class=\"\">Direcci\u00f3n y Tel\u00e9fono<\/span><\/div>\n<p class=\"elementor-icon-box-description\"><span class=\"goog-text-highlight\">\u00a0C\/ Ebro 19,\u00a0<\/span><span class=\"goog-text-highlight\">Guadalix de la Sierra, 28794, Madrid<\/span><\/p>\n<div class=\"elementor-icon-box-icon\">\n<div class=\"elementor-icon-box-title\"><span class=\"\">Telef\u00f3no:<\/span><\/div>\n<\/div>\n<div><\/div>\n<div class=\"elementor-icon-box-icon\">\n<p class=\"elementor-icon-box-description\">+34 647 92 35 06<\/p>\n<\/div>\n<\/div>\n<\/div>\n<\/div>\n<\/div>\n<\/div>\n\t\t\t\t\t\t<\/div>\n\t\t\t\t<\/div>\n\t\t\t\t\t<\/div>\n\t\t<\/div>\n\t\t\t\t<div class=\"elementor-column elementor-col-25 elementor-top-column elementor-element elementor-element-a1ccabf\" data-id=\"a1ccabf\" data-element_type=\"column\" data-e-type=\"column\">\n\t\t\t<div class=\"elementor-widget-wrap elementor-element-populated\">\n\t\t\t\t\t\t<div class=\"elementor-element elementor-element-4f3886b elementor-widget elementor-widget-wp-widget-text\" data-id=\"4f3886b\" data-element_type=\"widget\" data-e-type=\"widget\" data-widget_type=\"wp-widget-text.default\">\n\t\t\t\t<div class=\"elementor-widget-container\">\n\t\t\t\t\t\t\t\t<div class=\"textwidget\"><div class=\"elementor-element elementor-element-556629b elementor-view-framed elementor-position-left elementor-vertical-align-middle policy-contact elementor-shape-square elementor-mobile-position-top elementor-widget elementor-widget-icon-box\" data-id=\"556629b\" data-element_type=\"widget\" data-widget_type=\"icon-box.default\">\n<div class=\"elementor-widget-container\">\n<div class=\"elementor-icon-box-wrapper\">\n<div class=\"elementor-icon-box-icon\"><\/div>\n<div class=\"elementor-icon-box-content\">\n<div class=\"elementor-icon-box-title\"><span><span class=\"\">Correo electr\u00f3nico<\/span><\/span><\/div>\n<p class=\"elementor-icon-box-description\"><span>sac@mmdv.es<\/span><\/p>\n<\/div>\n<\/div>\n<\/div>\n<\/div>\n<\/div>\n\t\t\t\t\t\t<\/div>\n\t\t\t\t<\/div>\n\t\t\t\t\t<\/div>\n\t\t<\/div>\n\t\t\t\t<div class=\"elementor-column elementor-col-25 elementor-top-column elementor-element elementor-element-d0425a7\" data-id=\"d0425a7\" data-element_type=\"column\" data-e-type=\"column\">\n\t\t\t<div class=\"elementor-widget-wrap elementor-element-populated\">\n\t\t\t\t\t\t<div class=\"elementor-element elementor-element-6d671de elementor-widget elementor-widget-image\" data-id=\"6d671de\" data-element_type=\"widget\" data-e-type=\"widget\" data-widget_type=\"image.default\">\n\t\t\t\t<div class=\"elementor-widget-container\">\n\t\t\t\t\t\t\t\t\t\t\t\t\t\t\t\t<a href=\"https:\/\/www.wineinmoderation.eu\/\" target=\"_blank\" rel=\"nofollow\">\n\t\t\t\t\t\t\t<img decoding=\"async\" width=\"1982\" height=\"485\" src=\"https:\/\/mmdv.es\/es\/wp-content\/uploads\/2022\/07\/logo_es.png\" class=\"attachment-full size-full wp-image-25495\" alt=\"\" \/>\t\t\t\t\t\t\t\t<\/a>\n\t\t\t\t\t\t\t\t\t\t\t\t\t\t\t<\/div>\n\t\t\t\t<\/div>\n\t\t\t\t\t<\/div>\n\t\t<\/div>\n\t\t\t\t\t<\/div>\n\t\t<\/section>\n\t\t\t\t<\/div>\n\t\t","protected":false},"excerpt":{"rendered":"","protected":false},"author":1,"featured_media":0,"parent":0,"menu_order":0,"comment_status":"closed","ping_status":"closed","template":"","meta":{"footnotes":""},"class_list":["post-25726","page","type-page","status-publish","hentry"],"_links":{"self":[{"href":"https:\/\/mmdv.es\/es\/wp-json\/wp\/v2\/pages\/25726","targetHints":{"allow":["GET"]}}],"collection":[{"href":"https:\/\/mmdv.es\/es\/wp-json\/wp\/v2\/pages"}],"about":[{"href":"https:\/\/mmdv.es\/es\/wp-json\/wp\/v2\/types\/page"}],"author":[{"embeddable":true,"href":"https:\/\/mmdv.es\/es\/wp-json\/wp\/v2\/users\/1"}],"replies":[{"embeddable":true,"href":"https:\/\/mmdv.es\/es\/wp-json\/wp\/v2\/comments?post=25726"}],"version-history":[{"count":94,"href":"https:\/\/mmdv.es\/es\/wp-json\/wp\/v2\/pages\/25726\/revisions"}],"predecessor-version":[{"id":26718,"href":"https:\/\/mmdv.es\/es\/wp-json\/wp\/v2\/pages\/25726\/revisions\/26718"}],"wp:attachment":[{"href":"https:\/\/mmdv.es\/es\/wp-json\/wp\/v2\/media?parent=25726"}],"curies":[{"name":"wp","href":"https:\/\/api.w.org\/{rel}","templated":true}]}}