{"id":26281,"date":"2024-10-28T02:29:58","date_gmt":"2024-10-28T02:29:58","guid":{"rendered":"https:\/\/mmdv.es\/es\/?page_id=26281"},"modified":"2024-11-02T05:11:14","modified_gmt":"2024-11-02T05:11:14","slug":"devoluciones","status":"publish","type":"page","link":"https:\/\/mmdv.es\/es\/devoluciones\/","title":{"rendered":"Devoluciones"},"content":{"rendered":"\t\t<div data-elementor-type=\"wp-page\" data-elementor-id=\"26281\" class=\"elementor elementor-26281\">\n\t\t\t\t\t\t<section class=\"elementor-section elementor-top-section elementor-element elementor-element-ed07993 elementor-section-boxed elementor-section-height-default elementor-section-height-default\" data-id=\"ed07993\" data-element_type=\"section\" data-e-type=\"section\">\n\t\t\t\t\t\t<div class=\"elementor-container elementor-column-gap-default\">\n\t\t\t\t\t<div class=\"elementor-column elementor-col-100 elementor-top-column elementor-element elementor-element-811b439\" data-id=\"811b439\" data-element_type=\"column\" data-e-type=\"column\">\n\t\t\t<div class=\"elementor-widget-wrap elementor-element-populated\">\n\t\t\t\t\t\t<div class=\"elementor-element elementor-element-25efe17 elementor-widget elementor-widget-text-editor\" data-id=\"25efe17\" data-element_type=\"widget\" data-e-type=\"widget\" data-widget_type=\"text-editor.default\">\n\t\t\t\t<div class=\"elementor-widget-container\">\n\t\t\t\t\t\t\t\t\t<h2><strong><span style=\"color: #800080;\">Descripci\u00f3n General<\/span><\/strong><\/h2><p>Nuestra pol\u00edtica de reembolsos y devoluciones tiene una duraci\u00f3n de 30 d\u00edas. Si han pasado 30 d\u00edas desde su compra, no podemos ofrecerle un reembolso total o un cambio.<\/p><p>Para ser elegible para una devoluci\u00f3n, su art\u00edculo debe estar sin usar y en las mismas condiciones en que lo recibi\u00f3. Tambi\u00e9n debe estar en el embalaje original.<\/p><p>Varios tipos de productos est\u00e1n exentos de devoluci\u00f3n. Los productos perecederos, como alimentos, flores, peri\u00f3dicos o revistas, no se pueden devolver. Tampoco aceptamos productos que sean art\u00edculos \u00edntimos o sanitarios, materiales peligrosos o l\u00edquidos o gases inflamables.<\/p><p><strong><span style=\"color: #800080;\">Art\u00edculos adicionales no retornables:<\/span><\/strong><\/p><p>Tarjetas de regalo<br \/>Productos de software descargables<br \/>Algunos art\u00edculos de salud y cuidado personal<\/p><p>Para completar su devoluci\u00f3n, necesitamos un recibo o comprobante de compra.<\/p><p>No env\u00ede su compra de vuelta al fabricante.<\/p><p>Hay ciertas situaciones en las que solo se otorgan reembolsos parciales:<\/p><p>Libro con signos evidentes de uso<br \/>CD, DVD, cinta VHS, software, videojuego, cinta de casete o disco de vinilo que haya sido abierto.Cualquier art\u00edculo que no se encuentre en su estado original, est\u00e9 da\u00f1ado o le falten piezas por razones que no se deban a un error nuestro.<br \/>Cualquier art\u00edculo que se devuelva m\u00e1s de 30 d\u00edas despu\u00e9s de la entrega<\/p><p><strong><span style=\"color: #800080;\">Reembolsos<\/span><\/strong><\/p><p>Una vez que recibamos e inspeccionemos su devoluci\u00f3n, le enviaremos un correo electr\u00f3nico para notificarle que hemos recibido su art\u00edculo devuelto. Tambi\u00e9n le notificaremos la aprobaci\u00f3n o el rechazo de su reembolso.<\/p><p>Si se aprueba, se procesar\u00e1 su reembolso y se aplicar\u00e1 autom\u00e1ticamente un cr\u00e9dito a su tarjeta de cr\u00e9dito o m\u00e9todo de pago original, dentro de una cierta cantidad de d\u00edas.<\/p><p><strong><span style=\"color: #800080;\">Reembolsos tard\u00edos o faltantes<\/span><\/strong><\/p><p>Si a\u00fan no ha recibido un reembolso, primero verifique su cuenta bancaria nuevamente.<\/p><p>Luego, comun\u00edquese con la compa\u00f1\u00eda de su tarjeta de cr\u00e9dito; puede llevar alg\u00fan tiempo antes de que se publique oficialmente su reembolso.<\/p><p>Luego, comun\u00edquese con su banco. A menudo, hay un tiempo de procesamiento antes de que se publique un reembolso.<\/p><p>Si ha hecho todo esto y a\u00fan no ha recibido su reembolso, comun\u00edquese con nosotros a {direcci\u00f3n de correo electr\u00f3nico}.<\/p><p><strong><span style=\"color: #800080;\">Art\u00edculos en oferta<\/span><\/strong><\/p><p>Solo se pueden reembolsar los art\u00edculos a precio regular. Los art\u00edculos en oferta no se pueden reembolsar.<br \/>Cambios<\/p><p>Solo reemplazamos art\u00edculos que est\u00e9n defectuosos o da\u00f1ados. Si necesitas cambiarlo por el mismo art\u00edculo, env\u00edanos un correo electr\u00f3nico a sac@mmdv.es y env\u00eda tu art\u00edculo a: <span class=\"goog-text-highlight\">C\/ Ebro 19, <\/span><span class=\"goog-text-highlight\">Guadalix de la Sierra<\/span>. <span class=\"goog-text-highlight\">28794, Madrid<\/span>.<\/p><p><strong><span style=\"color: #800080;\">Regalos<\/span><\/strong><\/p><p>Si el art\u00edculo estaba marcado como regalo cuando lo compraste y te lo enviamos directamente, recibir\u00e1s un cr\u00e9dito de regalo por el valor de tu devoluci\u00f3n. Una vez que recibamos el art\u00edculo devuelto, te enviaremos un certificado de regalo por correo.<\/p><p>Si el art\u00edculo no estaba marcado como regalo cuando lo compraste, o si el regalador se lo envi\u00f3 a su propia direcci\u00f3n para entreg\u00e1rtelo m\u00e1s tarde, le enviaremos un reembolso al regalador y \u00e9l se enterar\u00e1 de tu devoluci\u00f3n.<\/p><p><strong><span style=\"color: #800080;\">Env\u00edos y devoluciones<\/span><\/strong><\/p><p>Para devolver tu producto, debes enviarlo por correo a: <span class=\"goog-text-highlight\">C\/ Ebro 19, <\/span><span class=\"goog-text-highlight\">Guadalix de la Sierra<\/span>. <span class=\"goog-text-highlight\">28794, Madrid<\/span><\/p><p>Ser\u00e1s responsable de pagar tus propios costos de env\u00edo para devolver tu art\u00edculo. Los costos de env\u00edo no son reembolsables. Si recibes un reembolso, el costo del env\u00edo de devoluci\u00f3n se deducir\u00e1 de tu reembolso.<\/p><p>Dependiendo de d\u00f3nde vivas, el tiempo que puede tardar en llegarte el producto cambiado puede variar.<\/p><p>Si va a devolver art\u00edculos m\u00e1s caros, puede considerar utilizar un servicio de env\u00edo rastreable o comprar un seguro de env\u00edo. No garantizamos que recibiremos su art\u00edculo devuelto.<br \/>\u00bfNecesita ayuda?<\/p><p>Comun\u00edquese con nosotros a {email} para realizar preguntas relacionadas con reembolsos y devoluciones.<\/p>\t\t\t\t\t\t\t\t<\/div>\n\t\t\t\t<\/div>\n\t\t\t\t\t<\/div>\n\t\t<\/div>\n\t\t\t\t\t<\/div>\n\t\t<\/section>\n\t\t\t\t<section class=\"elementor-section elementor-top-section elementor-element elementor-element-ba5ee12 elementor-section-boxed elementor-section-height-default elementor-section-height-default\" data-id=\"ba5ee12\" data-element_type=\"section\" data-e-type=\"section\">\n\t\t\t\t\t\t<div class=\"elementor-container elementor-column-gap-default\">\n\t\t\t\t\t<div class=\"elementor-column elementor-col-100 elementor-top-column elementor-element elementor-element-fec43a1\" data-id=\"fec43a1\" data-element_type=\"column\" data-e-type=\"column\">\n\t\t\t<div class=\"elementor-widget-wrap elementor-element-populated\">\n\t\t\t\t\t\t<div class=\"elementor-element elementor-element-b254397 elementor-widget elementor-widget-text-editor\" data-id=\"b254397\" data-element_type=\"widget\" data-e-type=\"widget\" data-widget_type=\"text-editor.default\">\n\t\t\t\t<div class=\"elementor-widget-container\">\n\t\t\t\t\t\t\t\t\t<section class=\"elementor-section elementor-top-section elementor-element elementor-element-5a1247f elementor-section-boxed elementor-section-height-default elementor-section-height-default\" data-id=\"5a1247f\" data-element_type=\"section\"><div class=\"elementor-container elementor-column-gap-default\"><div class=\"elementor-column elementor-col-100 elementor-top-column elementor-element elementor-element-280a51e\" data-id=\"280a51e\" data-element_type=\"column\"><div class=\"elementor-widget-wrap elementor-element-populated\"><div class=\"elementor-element elementor-element-4b18857 elementor-widget elementor-widget-wp-widget-text\" data-id=\"4b18857\" data-element_type=\"widget\" data-widget_type=\"wp-widget-text.default\"><div class=\"elementor-widget-container\"><div class=\"textwidget\"><p><em><span class=\"goog-text-highlight\">De conformidad con lo dispuesto en la normativa de Protecci\u00f3n de Datos de car\u00e1cter Personal, le informamos que los datos que facilitar\u00e1n ser\u00e1n tratados por mmdv.es., en calidad de responsable del tratamiento, con la finalidad de gestionar y dar contestaci\u00f3n a las sugerencias que nos plantea.\u00a0<\/span>La base legal para el tratamiento de sus datos en relaci\u00f3n con la contestaci\u00f3n de sus sugerencias se fundamenta en el inter\u00e9s leg\u00edtimo por parte de mmdv.es en dar respuesta a las comunicaciones recibidas.<\/em><\/p><p><em>mmdv.es garantiza al titular el ejercicio de los derechos de acceso, rectificaci\u00f3n, supresi\u00f3n, oposici\u00f3n, limitaci\u00f3n y portabilidad dirigi\u00e9ndose por escrito y acompa\u00f1ando fotocopia del DNI al Comit\u00e9 de Protecci\u00f3n de Datos de mmdv.es ,\u00a0\u00a0<\/em><em>C\/ Ebro 19, Guadalix de la Sierra\u00a0\u00a0<\/em><em>,\u00a0\u00a0<\/em><em>28794\u00a0\u00a0<\/em><em>, Madrid, o bien a trav\u00e9s de v\u00eda electr\u00f3nica en los formularios disponibles en https:\/\/mmdv.es\/es\/privacidad<\/em><\/p><p><em><span class=\"\">Para mayor informaci\u00f3n sobre el tratamiento de sus datos de car\u00e1cter personal, puede visitar la Pol\u00edtica de privacidad de mmdv.es, alojada en la p\u00e1gina web https:\/\/mmdv.es\/es\/privacidad<\/span><\/em><\/p><\/div><\/div><\/div><\/div><\/div><\/div><\/section>\t\t\t\t\t\t\t\t<\/div>\n\t\t\t\t<\/div>\n\t\t\t\t\t<\/div>\n\t\t<\/div>\n\t\t\t\t\t<\/div>\n\t\t<\/section>\n\t\t\t\t<section class=\"elementor-section elementor-top-section elementor-element elementor-element-068e54a elementor-section-boxed elementor-section-height-default elementor-section-height-default\" data-id=\"068e54a\" data-element_type=\"section\" data-e-type=\"section\">\n\t\t\t\t\t\t<div class=\"elementor-container elementor-column-gap-default\">\n\t\t\t\t\t<div class=\"elementor-column elementor-col-25 elementor-top-column elementor-element elementor-element-9d57909\" data-id=\"9d57909\" data-element_type=\"column\" data-e-type=\"column\">\n\t\t\t<div class=\"elementor-widget-wrap elementor-element-populated\">\n\t\t\t\t\t\t<div class=\"elementor-element elementor-element-70eb17d elementor-widget elementor-widget-wp-widget-text\" data-id=\"70eb17d\" data-element_type=\"widget\" data-e-type=\"widget\" data-widget_type=\"wp-widget-text.default\">\n\t\t\t\t<div class=\"elementor-widget-container\">\n\t\t\t\t\t\t\t\t<div class=\"textwidget\"><div class=\"elementor-icon-box-title\">S\u00cdGUENOS<\/div>\n<section class=\"zoom-social-icons-shortcode\">\n\t\t\n<ul class=\"zoom-social-icons-list zoom-social-icons-list--with-canvas zoom-social-icons-list--round zoom-social-icons-list--no-labels\">\n\n\t\t\n\t\t\t\t<li class=\"zoom-social_icons-list__item\">\n\t\t<a class=\"zoom-social_icons-list__link\" href=\"https:\/\/facebook.com\/mimundodelvino\" target=\"_blank\" title=\"Facebook\" >\n\t\t\t\t\t\t\t\t\t\n\t\t\t\t\t\t<span class=\"screen-reader-text\">facebook<\/span>\n\t\t\t\n\t\t\t\t\t\t<span class=\"zoom-social_icons-list-span social-icon socicon socicon-facebook\" data-hover-rule=\"background-color\" data-hover-color=\"#0866FF\" style=\"background-color : #878787; font-size: 16px; padding:12px\" ><\/span>\n\t\t\t\n\t\t\t\t\t<\/a>\n\t<\/li>\n\n\t\n\t\t\t\t<li class=\"zoom-social_icons-list__item\">\n\t\t<a class=\"zoom-social_icons-list__link\" href=\"https:\/\/x.com\/mimundodelvino\" target=\"_blank\" title=\"X\" >\n\t\t\t\t\t\t\t\t\t\n\t\t\t\t\t\t<span class=\"screen-reader-text\">x<\/span>\n\t\t\t\n\t\t\t\t\t\t<span class=\"zoom-social_icons-list-span social-icon socicon socicon-x\" data-hover-rule=\"background-color\" data-hover-color=\"#000\" style=\"background-color : #878787; font-size: 16px; padding:12px\" ><\/span>\n\t\t\t\n\t\t\t\t\t<\/a>\n\t<\/li>\n\n\t\n\t\t\t\t<li class=\"zoom-social_icons-list__item\">\n\t\t<a class=\"zoom-social_icons-list__link\" href=\"https:\/\/instagram.com\/mimundodelvino\" target=\"_blank\" title=\"Instagram\" >\n\t\t\t\t\t\t\t\t\t\n\t\t\t\t\t\t<span class=\"screen-reader-text\">instagram<\/span>\n\t\t\t\n\t\t\t\t\t\t<span class=\"zoom-social_icons-list-span social-icon socicon socicon-instagram\" data-hover-rule=\"background-color\" data-hover-color=\"#e4405f\" style=\"background-color : #878787; font-size: 16px; padding:12px\" ><\/span>\n\t\t\t\n\t\t\t\t\t<\/a>\n\t<\/li>\n\n\t\n\t\t\t\t<li class=\"zoom-social_icons-list__item\">\n\t\t<a class=\"zoom-social_icons-list__link\" href=\"http:\/\/pinterest.com\/mimundodelvino\" target=\"_blank\" title=\"pinteres.com\" >\n\t\t\t\t\t\t\t\t\t\n\t\t\t\t\t\t<span class=\"screen-reader-text\">pinterest<\/span>\n\t\t\t\n\t\t\t\t\t\t<span class=\"zoom-social_icons-list-span social-icon socicon socicon-pinterest\" data-hover-rule=\"background-color\" data-hover-color=\"#c92619\" style=\"background-color : #878787; font-size: 16px; padding:12px\" ><\/span>\n\t\t\t\n\t\t\t\t\t<\/a>\n\t<\/li>\n\n\t\n\t\t\t\t<li class=\"zoom-social_icons-list__item\">\n\t\t<a class=\"zoom-social_icons-list__link\" href=\"http:\/\/youtube.com\/@mimundodelvino\" target=\"_blank\" title=\"youtube.com\" >\n\t\t\t\t\t\t\t\t\t\n\t\t\t\t\t\t<span class=\"screen-reader-text\">youtube<\/span>\n\t\t\t\n\t\t\t\t\t\t<span class=\"zoom-social_icons-list-span social-icon socicon socicon-youtube\" data-hover-rule=\"background-color\" data-hover-color=\"#e02a20\" style=\"background-color : #878787; font-size: 16px; padding:12px\" ><\/span>\n\t\t\t\n\t\t\t\t\t<\/a>\n\t<\/li>\n\n\t\n\t\t\t\t<li class=\"zoom-social_icons-list__item\">\n\t\t<a class=\"zoom-social_icons-list__link\" href=\"http:\/\/linkedin.com\/mimundodelvino\" target=\"_blank\" title=\"linkedin.\" >\n\t\t\t\t\t\t\t\t\t\n\t\t\t\t\t\t<span class=\"screen-reader-text\">linkedin<\/span>\n\t\t\t\n\t\t\t\t\t\t<span class=\"zoom-social_icons-list-span social-icon socicon socicon-linkedin\" data-hover-rule=\"background-color\" data-hover-color=\"#0077B5\" style=\"background-color : #878787; font-size: 16px; padding:12px\" ><\/span>\n\t\t\t\n\t\t\t\t\t<\/a>\n\t<\/li>\n\n\t\n\t\t\t\t<li class=\"zoom-social_icons-list__item\">\n\t\t<a class=\"zoom-social_icons-list__link\" href=\"mailto:luisromero@mimundodelvino.com\" target=\"_blank\" title=\"mail\" >\n\t\t\t\t\t\t\t\t\t\n\t\t\t\t\t\t<span class=\"screen-reader-text\">mail<\/span>\n\t\t\t\n\t\t\t\t\t\t<span class=\"zoom-social_icons-list-span social-icon socicon socicon-mail\" data-hover-rule=\"background-color\" data-hover-color=\"#000000\" style=\"background-color : #878787; font-size: 16px; padding:12px\" ><\/span>\n\t\t\t\n\t\t\t\t\t<\/a>\n\t<\/li>\n\n\t\n<\/ul>\n\n\t\t<\/section>\n<\/div>\n\t\t\t\t\t\t<\/div>\n\t\t\t\t<\/div>\n\t\t\t\t\t<\/div>\n\t\t<\/div>\n\t\t\t\t<div class=\"elementor-column elementor-col-25 elementor-top-column elementor-element elementor-element-322439b\" data-id=\"322439b\" data-element_type=\"column\" data-e-type=\"column\">\n\t\t\t<div class=\"elementor-widget-wrap elementor-element-populated\">\n\t\t\t\t\t\t<div class=\"elementor-element elementor-element-1afedeb elementor-widget elementor-widget-wp-widget-text\" data-id=\"1afedeb\" data-element_type=\"widget\" data-e-type=\"widget\" data-widget_type=\"wp-widget-text.default\">\n\t\t\t\t<div class=\"elementor-widget-container\">\n\t\t\t\t\t\t\t\t<div class=\"textwidget\"><div class=\"elementor-element elementor-element-d6c0d09 elementor-view-framed elementor-position-left elementor-vertical-align-middle policy-contact elementor-shape-square elementor-mobile-position-top elementor-widget elementor-widget-icon-box\" data-id=\"d6c0d09\" data-element_type=\"widget\" data-widget_type=\"icon-box.default\">\n<div class=\"elementor-widget-container\">\n<div class=\"elementor-icon-box-wrapper\">\n<div class=\"elementor-icon-box-content\">\n<div class=\"elementor-icon-box-title\"><span class=\"\">Direcci\u00f3n y Tel\u00e9fono<\/span><\/div>\n<p class=\"elementor-icon-box-description\"><span class=\"goog-text-highlight\">\u00a0C\/ Ebro 19,\u00a0<\/span><span class=\"goog-text-highlight\">Guadalix de la Sierra, 28794, Madrid<\/span><\/p>\n<div class=\"elementor-icon-box-icon\">\n<div class=\"elementor-icon-box-title\"><span class=\"\">Telef\u00f3no:<\/span><\/div>\n<\/div>\n<div><\/div>\n<div class=\"elementor-icon-box-icon\">\n<p class=\"elementor-icon-box-description\">+34 647 92 35 06<\/p>\n<\/div>\n<\/div>\n<\/div>\n<\/div>\n<\/div>\n<\/div>\n\t\t\t\t\t\t<\/div>\n\t\t\t\t<\/div>\n\t\t\t\t\t<\/div>\n\t\t<\/div>\n\t\t\t\t<div class=\"elementor-column elementor-col-25 elementor-top-column elementor-element elementor-element-2111e81\" data-id=\"2111e81\" data-element_type=\"column\" data-e-type=\"column\">\n\t\t\t<div class=\"elementor-widget-wrap elementor-element-populated\">\n\t\t\t\t\t\t<div class=\"elementor-element elementor-element-f2d18b9 elementor-widget elementor-widget-wp-widget-text\" data-id=\"f2d18b9\" data-element_type=\"widget\" data-e-type=\"widget\" data-widget_type=\"wp-widget-text.default\">\n\t\t\t\t<div class=\"elementor-widget-container\">\n\t\t\t\t\t\t\t\t<div class=\"textwidget\"><div class=\"elementor-element elementor-element-556629b elementor-view-framed elementor-position-left elementor-vertical-align-middle policy-contact elementor-shape-square elementor-mobile-position-top elementor-widget elementor-widget-icon-box\" data-id=\"556629b\" data-element_type=\"widget\" data-widget_type=\"icon-box.default\">\n<div class=\"elementor-widget-container\">\n<div class=\"elementor-icon-box-wrapper\">\n<div class=\"elementor-icon-box-icon\"><\/div>\n<div class=\"elementor-icon-box-content\">\n<div class=\"elementor-icon-box-title\"><span><span class=\"\">Correo electr\u00f3nico<\/span><\/span><\/div>\n<p class=\"elementor-icon-box-description\"><span>sac@mmdv.es<\/span><\/p>\n<\/div>\n<\/div>\n<\/div>\n<\/div>\n<\/div>\n\t\t\t\t\t\t<\/div>\n\t\t\t\t<\/div>\n\t\t\t\t\t<\/div>\n\t\t<\/div>\n\t\t\t\t<div class=\"elementor-column elementor-col-25 elementor-top-column elementor-element elementor-element-33a017c\" data-id=\"33a017c\" data-element_type=\"column\" data-e-type=\"column\">\n\t\t\t<div class=\"elementor-widget-wrap elementor-element-populated\">\n\t\t\t\t\t\t<div class=\"elementor-element elementor-element-b2a87ae elementor-widget elementor-widget-image\" data-id=\"b2a87ae\" data-element_type=\"widget\" data-e-type=\"widget\" data-widget_type=\"image.default\">\n\t\t\t\t<div class=\"elementor-widget-container\">\n\t\t\t\t\t\t\t\t\t\t\t\t\t\t\t\t<a href=\"https:\/\/www.wineinmoderation.eu\/\" target=\"_blank\" rel=\"nofollow\">\n\t\t\t\t\t\t\t<img fetchpriority=\"high\" decoding=\"async\" width=\"1982\" height=\"485\" src=\"https:\/\/mmdv.es\/es\/wp-content\/uploads\/2022\/07\/logo_es.png\" class=\"attachment-full size-full wp-image-25495\" alt=\"\" \/>\t\t\t\t\t\t\t\t<\/a>\n\t\t\t\t\t\t\t\t\t\t\t\t\t\t\t<\/div>\n\t\t\t\t<\/div>\n\t\t\t\t\t<\/div>\n\t\t<\/div>\n\t\t\t\t\t<\/div>\n\t\t<\/section>\n\t\t\t\t<\/div>\n\t\t","protected":false},"excerpt":{"rendered":"<p>Descripci\u00f3n General Nuestra pol\u00edtica de reembolsos y devoluciones tiene una duraci\u00f3n de 30 d\u00edas. Si han pasado 30 d\u00edas desde su compra, no podemos ofrecerle un reembolso total o un cambio. Para ser elegible para una devoluci\u00f3n, su art\u00edculo debe estar sin usar y en las mismas condiciones en que lo recibi\u00f3. Tambi\u00e9n debe estar [&hellip;]<\/p>\n","protected":false},"author":1,"featured_media":0,"parent":0,"menu_order":0,"comment_status":"closed","ping_status":"closed","template":"","meta":{"footnotes":""},"class_list":["post-26281","page","type-page","status-publish","hentry"],"_links":{"self":[{"href":"https:\/\/mmdv.es\/es\/wp-json\/wp\/v2\/pages\/26281","targetHints":{"allow":["GET"]}}],"collection":[{"href":"https:\/\/mmdv.es\/es\/wp-json\/wp\/v2\/pages"}],"about":[{"href":"https:\/\/mmdv.es\/es\/wp-json\/wp\/v2\/types\/page"}],"author":[{"embeddable":true,"href":"https:\/\/mmdv.es\/es\/wp-json\/wp\/v2\/users\/1"}],"replies":[{"embeddable":true,"href":"https:\/\/mmdv.es\/es\/wp-json\/wp\/v2\/comments?post=26281"}],"version-history":[{"count":49,"href":"https:\/\/mmdv.es\/es\/wp-json\/wp\/v2\/pages\/26281\/revisions"}],"predecessor-version":[{"id":26706,"href":"https:\/\/mmdv.es\/es\/wp-json\/wp\/v2\/pages\/26281\/revisions\/26706"}],"wp:attachment":[{"href":"https:\/\/mmdv.es\/es\/wp-json\/wp\/v2\/media?parent=26281"}],"curies":[{"name":"wp","href":"https:\/\/api.w.org\/{rel}","templated":true}]}}