{"id":26483,"date":"2024-10-28T20:32:22","date_gmt":"2024-10-28T20:32:22","guid":{"rendered":"https:\/\/mmdv.es\/es\/?page_id=26483"},"modified":"2024-11-02T05:07:22","modified_gmt":"2024-11-02T05:07:22","slug":"ayuda","status":"publish","type":"page","link":"https:\/\/mmdv.es\/es\/ayuda\/","title":{"rendered":"Ayuda"},"content":{"rendered":"\t\t<div data-elementor-type=\"wp-page\" data-elementor-id=\"26483\" class=\"elementor elementor-26483\">\n\t\t\t\t\t\t<section class=\"elementor-section elementor-top-section elementor-element elementor-element-ed07993 elementor-section-boxed elementor-section-height-default elementor-section-height-default\" data-id=\"ed07993\" data-element_type=\"section\" data-e-type=\"section\">\n\t\t\t\t\t\t<div class=\"elementor-container elementor-column-gap-default\">\n\t\t\t\t\t<div class=\"elementor-column elementor-col-100 elementor-top-column elementor-element elementor-element-811b439\" data-id=\"811b439\" data-element_type=\"column\" data-e-type=\"column\">\n\t\t\t<div class=\"elementor-widget-wrap elementor-element-populated\">\n\t\t\t\t\t\t<div class=\"elementor-element elementor-element-25efe17 elementor-widget elementor-widget-text-editor\" data-id=\"25efe17\" data-element_type=\"widget\" data-e-type=\"widget\" data-widget_type=\"text-editor.default\">\n\t\t\t\t<div class=\"elementor-widget-container\">\n\t\t\t\t\t\t\t\t\t<h2><strong><span style=\"color: #800080;\">Ayuda<\/span><\/strong><\/h2><p>\u00a0<\/p><p><div class=\"bg-margin-for-link\"><input type='hidden' bg_collapse_expand='69f317b53623a9010815517' value='69f317b53623a9010815517'><input type='hidden' id='bg-show-more-text-69f317b53623a9010815517' value='Como realizo una compra en la tienda?'><input type='hidden' id='bg-show-less-text-69f317b53623a9010815517' value='Volver'><div id='bg-showmore-hidden-69f317b53623a9010815517' ><\/p><p><span style=\"color: #800080\"><strong>Como realizo una compra en la tienda<\/strong><\/span><\/p><p>Para realizar una compra acceda al enlace a continuaci\u00f3n y siga las instrucciones en pantalla.<\/p><p><img decoding=\"async\" class=\"wp-image-24587 alignleft\" src=\"https:\/\/mmdv.es\/es\/wp-content\/uploads\/2022\/06\/001422.png\" alt=\"\" width=\"74\" height=\"70\" \/><\/p><p>\u00a0<\/p><p><a href=\"https:\/\/mmdv.es\/es\/tienda\">Acceso a Tienda<\/a><\/p><p>\u00a0<\/p><p><\/div><\/div><a id='bg-showmore-action-69f317b53623a9010815517' class='bg-showmore-plg-link bg-zoom '  style=\" color:#000000;;\" href='#'>Como realizo una compra en la tienda?<\/a><\/p><p>\u00a0<\/p><p><div class=\"bg-margin-for-link\"><input type='hidden' bg_collapse_expand='69f317b5364886033780135' value='69f317b5364886033780135'><input type='hidden' id='bg-show-more-text-69f317b5364886033780135' value='Como hago una devolucion?'><input type='hidden' id='bg-show-less-text-69f317b5364886033780135' value='Volver'><div id='bg-showmore-hidden-69f317b5364886033780135' ><\/p><p><span style=\"color: #800080\"><strong>Env\u00edos y devoluciones<\/strong><\/span><\/p><p>Para devolver tu producto, debes enviarlo por correo a: <span class=\"goog-text-highlight\">C\/ Ebro 19, <\/span><span class=\"goog-text-highlight\">Guadalix de la Sierra<\/span>. <span class=\"goog-text-highlight\">28794, Madrid<\/span><\/p><p>Ser\u00e1s responsable de pagar tus propios costos de env\u00edo para devolver tu art\u00edculo. Los costos de env\u00edo no son reembolsables. Si recibes un reembolso, el costo del env\u00edo de devoluci\u00f3n se deducir\u00e1 de tu reembolso.<\/p><p>Dependiendo de d\u00f3nde vivas, el tiempo que puede tardar en llegarte el producto cambiado puede variar.<\/p><p>Si va a devolver art\u00edculos m\u00e1s caros, puede considerar utilizar un servicio de env\u00edo rastreable o comprar un seguro de env\u00edo. No garantizamos que recibiremos su art\u00edculo devuelto.<br \/>\u00bfNecesita ayuda?<\/p><p>Comun\u00edquese con nosotros a sac@mmdv.es para realizar preguntas relacionadas con reembolsos y devoluciones.<\/p><p>\u00a0<\/p><p><\/div><\/div><a id='bg-showmore-action-69f317b5364886033780135' class='bg-showmore-plg-link bg-zoom '  style=\" color:#000000;;\" href='#'>Como hago una devolucion?<\/a><\/p><p>\u00a0<\/p><p><div class=\"bg-margin-for-link\"><input type='hidden' bg_collapse_expand='69f317b53661a1029014591' value='69f317b53661a1029014591'><input type='hidden' id='bg-show-more-text-69f317b53661a1029014591' value='Como puedo abonar mi compra?'><input type='hidden' id='bg-show-less-text-69f317b53661a1029014591' value='Volver'><div id='bg-showmore-hidden-69f317b53661a1029014591' ><\/p><section class=\"elementor-section elementor-top-section elementor-element elementor-element-e0df70f elementor-section-boxed elementor-section-height-default elementor-section-height-default\" data-id=\"e0df70f\" data-element_type=\"section\"><div class=\"elementor-container elementor-column-gap-default\"><div class=\"elementor-column elementor-col-33 elementor-top-column elementor-element elementor-element-e9d70a7\" data-id=\"e9d70a7\" data-element_type=\"column\"><div class=\"elementor-widget-wrap elementor-element-populated\"><div class=\"elementor-element elementor-element-0db9509 elementor-widget elementor-widget-image\" data-id=\"0db9509\" data-element_type=\"widget\" data-widget_type=\"image.default\"><div class=\"elementor-widget-container\"><img decoding=\"async\" class=\"attachment-full wp-image-26425\" src=\"https:\/\/i0.wp.com\/mmdv.es\/es\/wp-content\/uploads\/2024\/10\/pp_h_rgb_logo_tn.jpg?fit=600%2C400&amp;ssl=1\" alt=\"\" width=\"201\" height=\"134\" \/><\/div><\/div><\/div><\/div><div class=\"elementor-column elementor-col-66 elementor-top-column elementor-element elementor-element-7b437e4\" data-id=\"7b437e4\" data-element_type=\"column\"><div class=\"elementor-widget-wrap elementor-element-populated\"><div class=\"elementor-element elementor-element-a940bbf elementor-widget elementor-widget-text-editor\" data-id=\"a940bbf\" data-element_type=\"widget\" data-widget_type=\"text-editor.default\"><div class=\"elementor-widget-container\"><p>PayPal es un m\u00e9todo de pago m\u00e1s seguro, ya que tu informaci\u00f3n financiera se mantiene privada. No se comparte con nadie cuando haces una compra, as\u00ed que no tienes que preocuparte si le vas a pagar a una empresa o persona que no conoces.<\/p><p>Adem\u00e1s, protegemos tus compras. Si no recibes lo que compraste, o lo que recibes es distinto a como estaba descrito, y tu compra cumple los requisitos de la Protecci\u00f3n al Comprador de PayPal, te reembolsaremos el importe completo de tu compra, adem\u00e1s de los gastos de env\u00edo.<\/p><\/div><\/div><\/div><\/div><\/div><\/section><section class=\"elementor-section elementor-top-section elementor-element elementor-element-af53633 elementor-section-boxed elementor-section-height-default elementor-section-height-default\" data-id=\"af53633\" data-element_type=\"section\"><div class=\"elementor-container elementor-column-gap-default\"><div class=\"elementor-column elementor-col-33 elementor-top-column elementor-element elementor-element-6eff5d5\" data-id=\"6eff5d5\" data-element_type=\"column\"><div class=\"elementor-widget-wrap elementor-element-populated\"><div class=\"elementor-element elementor-element-3c2cdb9 elementor-widget elementor-widget-image\" data-id=\"3c2cdb9\" data-element_type=\"widget\" data-widget_type=\"image.default\"><div class=\"elementor-widget-container\"><img decoding=\"async\" class=\"attachment-full wp-image-26437\" src=\"https:\/\/i0.wp.com\/mmdv.es\/es\/wp-content\/uploads\/2024\/10\/images-2.png?fit=414%2C122&amp;ssl=1\" alt=\"\" width=\"217\" height=\"64\" \/><\/div><\/div><\/div><\/div><div class=\"elementor-column elementor-col-66 elementor-top-column elementor-element elementor-element-bf17d64\" data-id=\"bf17d64\" data-element_type=\"column\"><div class=\"elementor-widget-wrap elementor-element-populated\"><div class=\"elementor-element elementor-element-f84df8b elementor-widget elementor-widget-text-editor\" data-id=\"f84df8b\" data-element_type=\"widget\" data-widget_type=\"text-editor.default\"><div class=\"elementor-widget-container\"><p>Bizum es un medio de pago a trav\u00e9s del m\u00f3vil impulsado por la banca espa\u00f1ola que permite enviar y recibir dinero entre particulares, realizar donaciones a ONG, pagar en comercios online, pagar en las administraciones de Loter\u00edas y Apuestas del Estado y, tambi\u00e9n, es un sistema de identificaci\u00f3n digital. Es un servicio seguro, r\u00e1pido y sencillo que podr\u00e1s encontrar en tu app bancaria y utilizar en tu m\u00f3vil.<\/p><\/div><\/div><\/div><\/div><\/div><\/section><p>\u00a0<\/p><p><\/div><\/div><a id='bg-showmore-action-69f317b53661a1029014591' class='bg-showmore-plg-link bg-zoom '  style=\" color:#000000;;\" href='#'>Como puedo abonar mi compra?<\/a><\/p><p>\u00a0<\/p><p><div class=\"bg-margin-for-link\"><input type='hidden' bg_collapse_expand='69f317b5369714082077284' value='69f317b5369714082077284'><input type='hidden' id='bg-show-more-text-69f317b5369714082077284' value='Como puedo solicitar asesoramiento?'><input type='hidden' id='bg-show-less-text-69f317b5369714082077284' value='Volver'><div id='bg-showmore-hidden-69f317b5369714082077284' ><\/p><div class=\"elementor-element elementor-element-d10986a elementor-widget elementor-widget-wp-widget-text\" data-id=\"d10986a\" data-element_type=\"widget\" data-widget_type=\"wp-widget-text.default\"><div class=\"elementor-widget-container\"><div class=\"textwidget\"><p><span style=\"color: #800080\"><strong>Asesoramiento<\/strong><\/span><\/p><p><strong>En esta secci\u00f3n ofrecemos la posibilidad de organizar vinos y catas de todo tipo, para particulares empresas.<\/strong><\/p><p><strong>Tambi\u00e9n ofrecemos asesoramiento sobre vinos, cursos de catas espec\u00edficos.<\/strong><\/p><p><strong>Cu\u00e9ntanos lo que necesitas y nos adaptamos a tus necesidades<\/strong><\/p><\/div><\/div><\/div><p><blockquote class=\"wp-embedded-content\" data-secret=\"RHUKDutdA4\"><a href=\"https:\/\/mmdv.es\/es\/vinos-catas-asesoramiento\/\">Vinos Catas, Asesoramiento<\/a><\/blockquote><iframe class=\"wp-embedded-content\" sandbox=\"allow-scripts\" security=\"restricted\" style=\"position: absolute; visibility: hidden;\" title=\"\u00abVinos Catas, Asesoramiento\u00bb \u2014 Mi Mundo del Vino\" src=\"https:\/\/mmdv.es\/es\/vinos-catas-asesoramiento\/embed\/#?secret=QQOXcCkgyL#?secret=RHUKDutdA4\" data-secret=\"RHUKDutdA4\" width=\"600\" height=\"338\" frameborder=\"0\" marginwidth=\"0\" marginheight=\"0\" scrolling=\"no\"><\/iframe><\/p><p><\/div><\/div><a id='bg-showmore-action-69f317b5369714082077284' class='bg-showmore-plg-link bg-zoom '  style=\" color:#000000;;\" href='#'>Como puedo solicitar asesoramiento?<\/a><\/p><p>\u00a0<\/p><p><div class=\"bg-margin-for-link\"><input type='hidden' bg_collapse_expand='69f317b536b197041238702' value='69f317b536b197041238702'><input type='hidden' id='bg-show-more-text-69f317b536b197041238702' value='Como puedo realizar una reserva de Catas?'><input type='hidden' id='bg-show-less-text-69f317b536b197041238702' value='Volver'><div id='bg-showmore-hidden-69f317b536b197041238702' ><\/p><div class=\"elementor-element elementor-element-d10986a elementor-widget elementor-widget-wp-widget-text\" data-id=\"d10986a\" data-element_type=\"widget\" data-widget_type=\"wp-widget-text.default\"><div class=\"elementor-widget-container\"><div class=\"textwidget\"><p><span style=\"color: #800080\"><strong>Reserva de Catas<\/strong><\/span><\/p><p><blockquote class=\"wp-embedded-content\" data-secret=\"TVUyTfIseH\"><a href=\"https:\/\/mmdv.es\/es\/reservas\/\">Reserva asistencia Catas<\/a><\/blockquote><iframe class=\"wp-embedded-content\" sandbox=\"allow-scripts\" security=\"restricted\" style=\"position: absolute; visibility: hidden;\" title=\"\u00abReserva asistencia Catas\u00bb \u2014 Mi Mundo del Vino\" src=\"https:\/\/mmdv.es\/es\/reservas\/embed\/#?secret=Gd8vo6JXsc#?secret=TVUyTfIseH\" data-secret=\"TVUyTfIseH\" width=\"600\" height=\"338\" frameborder=\"0\" marginwidth=\"0\" marginheight=\"0\" scrolling=\"no\"><\/iframe><\/p><\/div><\/div><\/div><p><\/div><\/div><a id='bg-showmore-action-69f317b536b197041238702' class='bg-showmore-plg-link bg-zoom '  style=\" color:#000000;;\" href='#'>Como puedo realizar una reserva de Catas?<\/a><\/p><p>\u00a0<\/p>\t\t\t\t\t\t\t\t<\/div>\n\t\t\t\t<\/div>\n\t\t\t\t\t<\/div>\n\t\t<\/div>\n\t\t\t\t\t<\/div>\n\t\t<\/section>\n\t\t\t\t<section class=\"elementor-section elementor-top-section elementor-element elementor-element-ba5ee12 elementor-section-boxed elementor-section-height-default elementor-section-height-default\" data-id=\"ba5ee12\" data-element_type=\"section\" data-e-type=\"section\">\n\t\t\t\t\t\t<div class=\"elementor-container elementor-column-gap-default\">\n\t\t\t\t\t<div class=\"elementor-column elementor-col-100 elementor-top-column elementor-element elementor-element-fec43a1\" data-id=\"fec43a1\" data-element_type=\"column\" data-e-type=\"column\">\n\t\t\t<div class=\"elementor-widget-wrap elementor-element-populated\">\n\t\t\t\t\t\t<div class=\"elementor-element elementor-element-b254397 elementor-widget elementor-widget-text-editor\" data-id=\"b254397\" data-element_type=\"widget\" data-e-type=\"widget\" data-widget_type=\"text-editor.default\">\n\t\t\t\t<div class=\"elementor-widget-container\">\n\t\t\t\t\t\t\t\t\t<section class=\"elementor-section elementor-top-section elementor-element elementor-element-5a1247f elementor-section-boxed elementor-section-height-default elementor-section-height-default\" data-id=\"5a1247f\" data-element_type=\"section\"><div class=\"elementor-container elementor-column-gap-default\"><div class=\"elementor-column elementor-col-100 elementor-top-column elementor-element elementor-element-280a51e\" data-id=\"280a51e\" data-element_type=\"column\"><div class=\"elementor-widget-wrap elementor-element-populated\"><div class=\"elementor-element elementor-element-4b18857 elementor-widget elementor-widget-wp-widget-text\" data-id=\"4b18857\" data-element_type=\"widget\" data-widget_type=\"wp-widget-text.default\"><div class=\"elementor-widget-container\"><div class=\"textwidget\"><p><em><span class=\"goog-text-highlight\">De conformidad con lo dispuesto en la normativa de Protecci\u00f3n de Datos de car\u00e1cter Personal, le informamos que los datos que facilitar\u00e1n ser\u00e1n tratados por mmdv.es., en calidad de responsable del tratamiento, con la finalidad de gestionar y dar contestaci\u00f3n a las sugerencias que nos plantea.\u00a0<\/span>La base legal para el tratamiento de sus datos en relaci\u00f3n con la contestaci\u00f3n de sus sugerencias se fundamenta en el inter\u00e9s leg\u00edtimo por parte de mmdv.es en dar respuesta a las comunicaciones recibidas.<\/em><\/p><p><em>mmdv.es garantiza al titular el ejercicio de los derechos de acceso, rectificaci\u00f3n, supresi\u00f3n, oposici\u00f3n, limitaci\u00f3n y portabilidad dirigi\u00e9ndose por escrito y acompa\u00f1ando fotocopia del DNI al Comit\u00e9 de Protecci\u00f3n de Datos de mmdv.es ,\u00a0\u00a0<\/em><em>C\/ Ebro 19, Guadalix de la Sierra\u00a0\u00a0<\/em><em>,\u00a0\u00a0<\/em><em>28794\u00a0\u00a0<\/em><em>, Madrid, o bien a trav\u00e9s de v\u00eda electr\u00f3nica en los formularios disponibles en https:\/\/mmdv.es\/es\/privacidad<\/em><\/p><p><em><span class=\"\">Para mayor informaci\u00f3n sobre el tratamiento de sus datos de car\u00e1cter personal, puede visitar la Pol\u00edtica de privacidad de mmdv.es, alojada en la p\u00e1gina web https:\/\/mmdv.es\/es\/privacidad<\/span><\/em><\/p><\/div><\/div><\/div><\/div><\/div><\/div><\/section>\t\t\t\t\t\t\t\t<\/div>\n\t\t\t\t<\/div>\n\t\t\t\t\t<\/div>\n\t\t<\/div>\n\t\t\t\t\t<\/div>\n\t\t<\/section>\n\t\t\t\t<section class=\"elementor-section elementor-top-section elementor-element elementor-element-068e54a elementor-section-boxed elementor-section-height-default elementor-section-height-default\" data-id=\"068e54a\" data-element_type=\"section\" data-e-type=\"section\">\n\t\t\t\t\t\t<div class=\"elementor-container elementor-column-gap-default\">\n\t\t\t\t\t<div class=\"elementor-column elementor-col-25 elementor-top-column elementor-element elementor-element-9d57909\" data-id=\"9d57909\" data-element_type=\"column\" data-e-type=\"column\">\n\t\t\t<div class=\"elementor-widget-wrap elementor-element-populated\">\n\t\t\t\t\t\t<div class=\"elementor-element elementor-element-70eb17d elementor-widget elementor-widget-wp-widget-text\" data-id=\"70eb17d\" data-element_type=\"widget\" data-e-type=\"widget\" data-widget_type=\"wp-widget-text.default\">\n\t\t\t\t<div class=\"elementor-widget-container\">\n\t\t\t\t\t\t\t\t<div class=\"textwidget\"><div class=\"elementor-icon-box-title\">S\u00cdGUENOS<\/div>\n<section class=\"zoom-social-icons-shortcode\">\n\t\t\n<ul class=\"zoom-social-icons-list zoom-social-icons-list--with-canvas zoom-social-icons-list--round zoom-social-icons-list--no-labels\">\n\n\t\t\n\t\t\t\t<li class=\"zoom-social_icons-list__item\">\n\t\t<a class=\"zoom-social_icons-list__link\" href=\"https:\/\/facebook.com\/mimundodelvino\" target=\"_blank\" title=\"Facebook\" >\n\t\t\t\t\t\t\t\t\t\n\t\t\t\t\t\t<span class=\"screen-reader-text\">facebook<\/span>\n\t\t\t\n\t\t\t\t\t\t<span class=\"zoom-social_icons-list-span social-icon socicon socicon-facebook\" data-hover-rule=\"background-color\" data-hover-color=\"#0866FF\" style=\"background-color : #878787; font-size: 16px; padding:12px\" ><\/span>\n\t\t\t\n\t\t\t\t\t<\/a>\n\t<\/li>\n\n\t\n\t\t\t\t<li class=\"zoom-social_icons-list__item\">\n\t\t<a class=\"zoom-social_icons-list__link\" href=\"https:\/\/x.com\/mimundodelvino\" target=\"_blank\" title=\"X\" >\n\t\t\t\t\t\t\t\t\t\n\t\t\t\t\t\t<span class=\"screen-reader-text\">x<\/span>\n\t\t\t\n\t\t\t\t\t\t<span class=\"zoom-social_icons-list-span social-icon socicon socicon-x\" data-hover-rule=\"background-color\" data-hover-color=\"#000\" style=\"background-color : #878787; font-size: 16px; padding:12px\" ><\/span>\n\t\t\t\n\t\t\t\t\t<\/a>\n\t<\/li>\n\n\t\n\t\t\t\t<li class=\"zoom-social_icons-list__item\">\n\t\t<a class=\"zoom-social_icons-list__link\" href=\"https:\/\/instagram.com\/mimundodelvino\" target=\"_blank\" title=\"Instagram\" >\n\t\t\t\t\t\t\t\t\t\n\t\t\t\t\t\t<span class=\"screen-reader-text\">instagram<\/span>\n\t\t\t\n\t\t\t\t\t\t<span class=\"zoom-social_icons-list-span social-icon socicon socicon-instagram\" data-hover-rule=\"background-color\" data-hover-color=\"#e4405f\" style=\"background-color : #878787; font-size: 16px; padding:12px\" ><\/span>\n\t\t\t\n\t\t\t\t\t<\/a>\n\t<\/li>\n\n\t\n\t\t\t\t<li class=\"zoom-social_icons-list__item\">\n\t\t<a class=\"zoom-social_icons-list__link\" href=\"http:\/\/pinterest.com\/mimundodelvino\" target=\"_blank\" title=\"pinteres.com\" >\n\t\t\t\t\t\t\t\t\t\n\t\t\t\t\t\t<span class=\"screen-reader-text\">pinterest<\/span>\n\t\t\t\n\t\t\t\t\t\t<span class=\"zoom-social_icons-list-span social-icon socicon socicon-pinterest\" data-hover-rule=\"background-color\" data-hover-color=\"#c92619\" style=\"background-color : #878787; font-size: 16px; padding:12px\" ><\/span>\n\t\t\t\n\t\t\t\t\t<\/a>\n\t<\/li>\n\n\t\n\t\t\t\t<li class=\"zoom-social_icons-list__item\">\n\t\t<a class=\"zoom-social_icons-list__link\" href=\"http:\/\/youtube.com\/@mimundodelvino\" target=\"_blank\" title=\"youtube.com\" >\n\t\t\t\t\t\t\t\t\t\n\t\t\t\t\t\t<span class=\"screen-reader-text\">youtube<\/span>\n\t\t\t\n\t\t\t\t\t\t<span class=\"zoom-social_icons-list-span social-icon socicon socicon-youtube\" data-hover-rule=\"background-color\" data-hover-color=\"#e02a20\" style=\"background-color : #878787; font-size: 16px; padding:12px\" ><\/span>\n\t\t\t\n\t\t\t\t\t<\/a>\n\t<\/li>\n\n\t\n\t\t\t\t<li class=\"zoom-social_icons-list__item\">\n\t\t<a class=\"zoom-social_icons-list__link\" href=\"http:\/\/linkedin.com\/mimundodelvino\" target=\"_blank\" title=\"linkedin.\" >\n\t\t\t\t\t\t\t\t\t\n\t\t\t\t\t\t<span class=\"screen-reader-text\">linkedin<\/span>\n\t\t\t\n\t\t\t\t\t\t<span class=\"zoom-social_icons-list-span social-icon socicon socicon-linkedin\" data-hover-rule=\"background-color\" data-hover-color=\"#0077B5\" style=\"background-color : #878787; font-size: 16px; padding:12px\" ><\/span>\n\t\t\t\n\t\t\t\t\t<\/a>\n\t<\/li>\n\n\t\n\t\t\t\t<li class=\"zoom-social_icons-list__item\">\n\t\t<a class=\"zoom-social_icons-list__link\" href=\"mailto:luisromero@mimundodelvino.com\" target=\"_blank\" title=\"mail\" >\n\t\t\t\t\t\t\t\t\t\n\t\t\t\t\t\t<span class=\"screen-reader-text\">mail<\/span>\n\t\t\t\n\t\t\t\t\t\t<span class=\"zoom-social_icons-list-span social-icon socicon socicon-mail\" data-hover-rule=\"background-color\" data-hover-color=\"#000000\" style=\"background-color : #878787; font-size: 16px; padding:12px\" ><\/span>\n\t\t\t\n\t\t\t\t\t<\/a>\n\t<\/li>\n\n\t\n<\/ul>\n\n\t\t<\/section>\n<\/div>\n\t\t\t\t\t\t<\/div>\n\t\t\t\t<\/div>\n\t\t\t\t\t<\/div>\n\t\t<\/div>\n\t\t\t\t<div class=\"elementor-column elementor-col-25 elementor-top-column elementor-element elementor-element-322439b\" data-id=\"322439b\" data-element_type=\"column\" data-e-type=\"column\">\n\t\t\t<div class=\"elementor-widget-wrap elementor-element-populated\">\n\t\t\t\t\t\t<div class=\"elementor-element elementor-element-1afedeb elementor-widget elementor-widget-wp-widget-text\" data-id=\"1afedeb\" data-element_type=\"widget\" data-e-type=\"widget\" data-widget_type=\"wp-widget-text.default\">\n\t\t\t\t<div class=\"elementor-widget-container\">\n\t\t\t\t\t\t\t\t<div class=\"textwidget\"><div class=\"elementor-element elementor-element-d6c0d09 elementor-view-framed elementor-position-left elementor-vertical-align-middle policy-contact elementor-shape-square elementor-mobile-position-top elementor-widget elementor-widget-icon-box\" data-id=\"d6c0d09\" data-element_type=\"widget\" data-widget_type=\"icon-box.default\">\n<div class=\"elementor-widget-container\">\n<div class=\"elementor-icon-box-wrapper\">\n<div class=\"elementor-icon-box-content\">\n<div class=\"elementor-icon-box-title\"><span class=\"\">Direcci\u00f3n y Tel\u00e9fono<\/span><\/div>\n<p class=\"elementor-icon-box-description\"><span class=\"goog-text-highlight\">\u00a0C\/ Ebro 19,\u00a0<\/span><span class=\"goog-text-highlight\">Guadalix de la Sierra, 28794, Madrid<\/span><\/p>\n<div class=\"elementor-icon-box-icon\">\n<div class=\"elementor-icon-box-title\"><span class=\"\">Telef\u00f3no:<\/span><\/div>\n<\/div>\n<div><\/div>\n<div class=\"elementor-icon-box-icon\">\n<p class=\"elementor-icon-box-description\">+34 647 92 35 06<\/p>\n<\/div>\n<\/div>\n<\/div>\n<\/div>\n<\/div>\n<\/div>\n\t\t\t\t\t\t<\/div>\n\t\t\t\t<\/div>\n\t\t\t\t\t<\/div>\n\t\t<\/div>\n\t\t\t\t<div class=\"elementor-column elementor-col-25 elementor-top-column elementor-element elementor-element-2111e81\" data-id=\"2111e81\" data-element_type=\"column\" data-e-type=\"column\">\n\t\t\t<div class=\"elementor-widget-wrap elementor-element-populated\">\n\t\t\t\t\t\t<div class=\"elementor-element elementor-element-f2d18b9 elementor-widget elementor-widget-wp-widget-text\" data-id=\"f2d18b9\" data-element_type=\"widget\" data-e-type=\"widget\" data-widget_type=\"wp-widget-text.default\">\n\t\t\t\t<div class=\"elementor-widget-container\">\n\t\t\t\t\t\t\t\t<div class=\"textwidget\"><div class=\"elementor-element elementor-element-556629b elementor-view-framed elementor-position-left elementor-vertical-align-middle policy-contact elementor-shape-square elementor-mobile-position-top elementor-widget elementor-widget-icon-box\" data-id=\"556629b\" data-element_type=\"widget\" data-widget_type=\"icon-box.default\">\n<div class=\"elementor-widget-container\">\n<div class=\"elementor-icon-box-wrapper\">\n<div class=\"elementor-icon-box-icon\"><\/div>\n<div class=\"elementor-icon-box-content\">\n<div class=\"elementor-icon-box-title\"><span><span class=\"\">Correo electr\u00f3nico<\/span><\/span><\/div>\n<p class=\"elementor-icon-box-description\"><span>sac@mmdv.es<\/span><\/p>\n<\/div>\n<\/div>\n<\/div>\n<\/div>\n<\/div>\n\t\t\t\t\t\t<\/div>\n\t\t\t\t<\/div>\n\t\t\t\t\t<\/div>\n\t\t<\/div>\n\t\t\t\t<div class=\"elementor-column elementor-col-25 elementor-top-column elementor-element elementor-element-33a017c\" data-id=\"33a017c\" data-element_type=\"column\" data-e-type=\"column\">\n\t\t\t<div class=\"elementor-widget-wrap elementor-element-populated\">\n\t\t\t\t\t\t<div class=\"elementor-element elementor-element-b2a87ae elementor-widget elementor-widget-image\" data-id=\"b2a87ae\" data-element_type=\"widget\" data-e-type=\"widget\" data-widget_type=\"image.default\">\n\t\t\t\t<div class=\"elementor-widget-container\">\n\t\t\t\t\t\t\t\t\t\t\t\t\t\t\t\t<a href=\"https:\/\/www.wineinmoderation.eu\/\" target=\"_blank\" rel=\"nofollow\">\n\t\t\t\t\t\t\t<img loading=\"lazy\" decoding=\"async\" width=\"1982\" height=\"485\" src=\"https:\/\/mmdv.es\/es\/wp-content\/uploads\/2022\/07\/logo_es.png\" class=\"attachment-full size-full wp-image-25495\" alt=\"\" \/>\t\t\t\t\t\t\t\t<\/a>\n\t\t\t\t\t\t\t\t\t\t\t\t\t\t\t<\/div>\n\t\t\t\t<\/div>\n\t\t\t\t\t<\/div>\n\t\t<\/div>\n\t\t\t\t\t<\/div>\n\t\t<\/section>\n\t\t\t\t<\/div>\n\t\t","protected":false},"excerpt":{"rendered":"<p>Ayuda \u00a0 \u00a0 \u00a0 \u00a0 \u00a0 \u00a0 De conformidad con lo dispuesto en la normativa de Protecci\u00f3n de Datos de car\u00e1cter Personal, le informamos que los datos que facilitar\u00e1n ser\u00e1n tratados por mmdv.es., en calidad de responsable del tratamiento, con la finalidad de gestionar y dar contestaci\u00f3n a las sugerencias que nos plantea.\u00a0La base legal [&hellip;]<\/p>\n","protected":false},"author":1,"featured_media":0,"parent":0,"menu_order":0,"comment_status":"closed","ping_status":"closed","template":"","meta":{"footnotes":""},"class_list":["post-26483","page","type-page","status-publish","hentry"],"_links":{"self":[{"href":"https:\/\/mmdv.es\/es\/wp-json\/wp\/v2\/pages\/26483","targetHints":{"allow":["GET"]}}],"collection":[{"href":"https:\/\/mmdv.es\/es\/wp-json\/wp\/v2\/pages"}],"about":[{"href":"https:\/\/mmdv.es\/es\/wp-json\/wp\/v2\/types\/page"}],"author":[{"embeddable":true,"href":"https:\/\/mmdv.es\/es\/wp-json\/wp\/v2\/users\/1"}],"replies":[{"embeddable":true,"href":"https:\/\/mmdv.es\/es\/wp-json\/wp\/v2\/comments?post=26483"}],"version-history":[{"count":91,"href":"https:\/\/mmdv.es\/es\/wp-json\/wp\/v2\/pages\/26483\/revisions"}],"predecessor-version":[{"id":26695,"href":"https:\/\/mmdv.es\/es\/wp-json\/wp\/v2\/pages\/26483\/revisions\/26695"}],"wp:attachment":[{"href":"https:\/\/mmdv.es\/es\/wp-json\/wp\/v2\/media?parent=26483"}],"curies":[{"name":"wp","href":"https:\/\/api.w.org\/{rel}","templated":true}]}}